{"id":96,"date":"2024-01-08T04:29:49","date_gmt":"2024-01-08T04:29:49","guid":{"rendered":"https:\/\/aguasdoparano.com\/dispensadorapunto\/?page_id=96"},"modified":"2024-04-05T06:38:57","modified_gmt":"2024-04-05T06:38:57","slug":"aqui-es-tu-dispensador","status":"publish","type":"page","link":"https:\/\/aguasdoparano.com\/dispensadorapunto\/aqui-es-tu-dispensador\/","title":{"rendered":"Aqui es tu dispensador"},"content":{"rendered":"<p>[vc_row row_height_percent=\u00bb0&#8243; override_padding=\u00bbyes\u00bb h_padding=\u00bb2&#8243; top_padding=\u00bb3&#8243; bottom_padding=\u00bb3&#8243; back_color=\u00bbcolor-lxmt\u00bb overlay_alpha=\u00bb50&#8243; gutter_size=\u00bb3&#8243; column_width_percent=\u00bb100&#8243; shift_y=\u00bb0&#8243; z_index=\u00bb0&#8243;][vc_column column_width_use_pixel=\u00bbyes\u00bb align_horizontal=\u00bbalign_center\u00bb gutter_size=\u00bb1&#8243; font_family=\u00bbfont-202503&#8243; overlay_alpha=\u00bb50&#8243; shift_x=\u00bb0&#8243; shift_y=\u00bb0&#8243; shift_y_down=\u00bb0&#8243; z_index=\u00bb0&#8243; medium_width=\u00bb0&#8243; mobile_width=\u00bb0&#8243; width=\u00bb1\/1&#8243; column_width_pixel=\u00bb900&#8243;][vc_custom_heading text_font=\u00bbfont-202503&#8243; text_weight=\u00bb400&#8243; text_height=\u00bbfontheight-357766&#8243; text_space=\u00bbfontspace-781688&#8243; sub_lead=\u00bbyes\u00bb subheading=\u00bbEn Aguas do Para\u00f1o solo trabajamos con dispensadores de m\u00e1xima calidad, con interiores de acero inoxidable, herm\u00e9ticamente cerrados y fabricados con materiales alimentarios que te garantizan la \u00f3ptima calidad al servirte de nuestras m\u00e1quinas.<\/p>\n<p>Para que puedas conocer todas las ventajas y opciones que te permite tu dispensador, hemos preparado estas ilustraciones que explican cada uno de sus componentes. As\u00ed sabr\u00e1s d\u00f3nde se encuentra el tap\u00f3n de desag\u00fce o c\u00f3mo accionar su termostato regulable.\u00bb uncode_shortcode_id=\u00bb181629&#8243; text_color_type=\u00bbuncode-palette\u00bb text_color_solid=\u00bb#ff0000&#8243;][\/vc_custom_heading][vc_empty_space empty_h=\u00bb2&#8243;][vc_row_inner row_inner_height_percent=\u00bb0&#8243; overlay_alpha=\u00bb50&#8243; equal_height=\u00bbyes\u00bb gutter_size=\u00bb4&#8243; shift_y=\u00bb0&#8243; z_index=\u00bb0&#8243; uncode_shortcode_id=\u00bb122107&#8243;][vc_column_inner column_width_percent=\u00bb100&#8243; position_vertical=\u00bbmiddle\u00bb align_horizontal=\u00bbalign_center\u00bb gutter_size=\u00bb3&#8243; overlay_alpha=\u00bb50&#8243; shift_x=\u00bb0&#8243; shift_y=\u00bb0&#8243; shift_y_down=\u00bb0&#8243; z_index=\u00bb0&#8243; medium_width=\u00bb0&#8243; mobile_width=\u00bb0&#8243; width=\u00bb1\/2&#8243; uncode_shortcode_id=\u00bb178672&#8243;][vc_button button_color=\u00bbcolor-164799&#8243; wide=\u00bbyes\u00bb hover_fx=\u00bbfull-colored\u00bb border_width=\u00bb0&#8243; link=\u00bburl:https%3A%2F%2Faguasdoparano.com%2Fcuidatudispensador%2Fcontacto%2F|title:Contacto\u00bb button_color_type=\u00bbuncode-palette\u00bb uncode_shortcode_id=\u00bb202528&#8243;]Solicita tu dispensador[\/vc_button][\/vc_column_inner][vc_column_inner column_width_percent=\u00bb100&#8243; position_vertical=\u00bbmiddle\u00bb align_horizontal=\u00bbalign_center\u00bb gutter_size=\u00bb3&#8243; overlay_alpha=\u00bb50&#8243; shift_x=\u00bb0&#8243; shift_y=\u00bb0&#8243; shift_y_down=\u00bb0&#8243; z_index=\u00bb0&#8243; medium_width=\u00bb0&#8243; mobile_width=\u00bb0&#8243; width=\u00bb1\/2&#8243; uncode_shortcode_id=\u00bb380111&#8243;][vc_button button_color=\u00bbaccent\u00bb wide=\u00bbyes\u00bb hover_fx=\u00bbfull-colored\u00bb border_width=\u00bb0&#8243; link=\u00bburl:http%3A%2F%2Ftienda.aguasdoparano.com|title:Tienda%20online|target:_blank\u00bb button_color_type=\u00bbuncode-palette\u00bb uncode_shortcode_id=\u00bb569820&#8243;]Tienda online[\/vc_button][\/vc_column_inner][\/vc_row_inner][vc_custom_heading heading_semantic=\u00bbp\u00bb text_font=\u00bbfont-202503&#8243; text_size=\u00bbh1&#8243; text_weight=\u00bb400&#8243; text_height=\u00bbfontheight-357766&#8243; text_space=\u00bbfontspace-781688&#8243;]\u3030[\/vc_custom_heading][vc_empty_space empty_h=\u00bb4&#8243;][\/vc_column][\/vc_row][vc_row unlock_row_content=\u00bbyes\u00bb row_height_percent=\u00bb0&#8243; override_padding=\u00bbyes\u00bb h_padding=\u00bb0&#8243; top_padding=\u00bb2&#8243; bottom_padding=\u00bb2&#8243; back_color=\u00bbcolor-488161&#8243; overlay_alpha=\u00bb90&#8243; equal_height=\u00bbyes\u00bb gutter_size=\u00bb3&#8243; column_width_percent=\u00bb100&#8243; shift_y=\u00bb0&#8243; z_index=\u00bb0&#8243; desktop_visibility=\u00bbyes\u00bb medium_visibility=\u00bbyes\u00bb mobile_visibility=\u00bbyes\u00bb uncode_shortcode_id=\u00bb198549&#8243; back_color_type=\u00bbuncode-palette\u00bb][vc_column column_width_percent=\u00bb92&#8243; align_horizontal=\u00bbalign_center\u00bb gutter_size=\u00bb4&#8243; overlay_alpha=\u00bb50&#8243; shift_x=\u00bb0&#8243; shift_y=\u00bb0&#8243; shift_y_fixed=\u00bbyes\u00bb shift_y_down=\u00bb0&#8243; z_index=\u00bb0&#8243; medium_width=\u00bb0&#8243; mobile_width=\u00bb0&#8243; width=\u00bb1\/1&#8243; uncode_shortcode_id=\u00bb189792&#8243;][vc_row_inner][vc_column_inner column_width_percent=\u00bb100&#8243; position_vertical=\u00bbmiddle\u00bb gutter_size=\u00bb3&#8243; overlay_alpha=\u00bb50&#8243; shift_x=\u00bb0&#8243; shift_y=\u00bb0&#8243; shift_y_down=\u00bb0&#8243; z_index=\u00bb0&#8243; medium_width=\u00bb0&#8243; mobile_width=\u00bb0&#8243; width=\u00bb1\/2&#8243; uncode_shortcode_id=\u00bb200036&#8243;][vc_single_image media=\u00bb57&#8243; media_width_use_pixel=\u00bbyes\u00bb alignment=\u00bbcenter\u00bb uncode_shortcode_id=\u00bb154404&#8243; media_width_pixel=\u00bb176&#8243;][\/vc_column_inner][vc_column_inner column_width_percent=\u00bb100&#8243; position_vertical=\u00bbmiddle\u00bb gutter_size=\u00bb3&#8243; style=\u00bbdark\u00bb overlay_alpha=\u00bb50&#8243; shift_x=\u00bb0&#8243; shift_y=\u00bb0&#8243; shift_y_down=\u00bb0&#8243; z_index=\u00bb0&#8243; medium_width=\u00bb0&#8243; mobile_width=\u00bb0&#8243; width=\u00bb1\/2&#8243; uncode_shortcode_id=\u00bb100036&#8243;][vc_column_text text_lead=\u00bbyes\u00bb uncode_shortcode_id=\u00bb956328&#8243;]<\/p>\n<p class=\"dispensador_front_texto_superior\"><strong><span class=\"letra_capital\">A <\/span><\/strong><em><span class=\"dispensador_titulo\">Para tus infusiones<\/span><\/em><br \/>\nConecta el interruptor del grifo rojo (en la parte trasera) y disfruta de su temperatura de 90\u00ba al momento. Perfecta para infusiones o cocinar<\/p>\n<p class=\"dispensador_front_texto_inferior\"><span class=\"dispensador_titulo\"><strong><span class=\"letra_capital\">B <\/span><\/strong><em>\u00a1Seguro infantil!<\/em><\/span><br \/>\nEl grifo rojo lleva un sistema de protecci\u00f3n infantil.<br \/>\nTambi\u00e9n podemos instalarlo, si lo necesitas, en el grifo azul<\/p>\n<p>[\/vc_column_text][\/vc_column_inner][\/vc_row_inner][\/vc_column][\/vc_row][vc_row unlock_row_content=\u00bbyes\u00bb row_height_percent=\u00bb0&#8243; override_padding=\u00bbyes\u00bb h_padding=\u00bb0&#8243; top_padding=\u00bb2&#8243; bottom_padding=\u00bb2&#8243; back_color=\u00bbcolor-164799&#8243; overlay_alpha=\u00bb90&#8243; equal_height=\u00bbyes\u00bb gutter_size=\u00bb3&#8243; column_width_percent=\u00bb100&#8243; shift_y=\u00bb0&#8243; z_index=\u00bb0&#8243; desktop_visibility=\u00bbyes\u00bb medium_visibility=\u00bbyes\u00bb mobile_visibility=\u00bbyes\u00bb uncode_shortcode_id=\u00bb103899&#8243; back_color_type=\u00bbuncode-palette\u00bb][vc_column column_width_percent=\u00bb92&#8243; align_horizontal=\u00bbalign_center\u00bb gutter_size=\u00bb4&#8243; overlay_alpha=\u00bb50&#8243; shift_x=\u00bb0&#8243; shift_y=\u00bb0&#8243; shift_y_fixed=\u00bbyes\u00bb shift_y_down=\u00bb0&#8243; z_index=\u00bb0&#8243; medium_width=\u00bb0&#8243; mobile_width=\u00bb0&#8243; width=\u00bb1\/1&#8243; uncode_shortcode_id=\u00bb189792&#8243;][vc_row_inner][vc_column_inner column_width_percent=\u00bb100&#8243; position_vertical=\u00bbmiddle\u00bb gutter_size=\u00bb3&#8243; overlay_alpha=\u00bb50&#8243; shift_x=\u00bb0&#8243; shift_y=\u00bb0&#8243; shift_y_down=\u00bb0&#8243; z_index=\u00bb0&#8243; medium_width=\u00bb0&#8243; mobile_width=\u00bb0&#8243; width=\u00bb1\/2&#8243; uncode_shortcode_id=\u00bb200036&#8243;][vc_single_image media=\u00bb99&#8243; media_width_use_pixel=\u00bbyes\u00bb alignment=\u00bbcenter\u00bb uncode_shortcode_id=\u00bb270640&#8243; media_width_pixel=\u00bb176&#8243;][\/vc_column_inner][vc_column_inner column_width_percent=\u00bb100&#8243; position_vertical=\u00bbmiddle\u00bb gutter_size=\u00bb3&#8243; style=\u00bbdark\u00bb overlay_alpha=\u00bb50&#8243; shift_x=\u00bb0&#8243; shift_y=\u00bb0&#8243; shift_y_down=\u00bb0&#8243; z_index=\u00bb0&#8243; medium_width=\u00bb0&#8243; mobile_width=\u00bb0&#8243; width=\u00bb1\/2&#8243; uncode_shortcode_id=\u00bb100036&#8243;][vc_column_text text_lead=\u00bbyes\u00bb uncode_shortcode_id=\u00bb190220&#8243;]<\/p>\n<p class=\"dispensador_front_texto_superior\"><strong><span class=\"letra_capital\">C <\/span><\/strong><em><span class=\"dispensador_titulo\">Sistema Anti derrame<\/span><\/em><br \/>\nLas botellas poseen una v\u00e1lvula non spill que evita derrames al cambiarla. Aunque todav\u00eda tengo litros en su interior, puedes retirarla sin problema<\/p>\n<p class=\"dispensador_front_texto_inferior\"><span class=\"dispensador_titulo\"><strong><span class=\"letra_capital\">D <\/span><\/strong><em>\u00a1Regula la temperatura!<\/em><\/span><br \/>\nEn la parte trasera, existe un termostato para regular la temperatura a la que prefieres beber: natural, fr\u00eda o m\u00e1s fr\u00eda. Aj\u00fastalo seg\u00fan la estaci\u00f3n del a\u00f1o.<\/p>\n<p class=\"dispensador_front_texto_inferior\"><span class=\"dispensador_titulo\"><strong><span class=\"letra_capital\">E <\/span><\/strong><em>Tap\u00f3n de desag\u00fce<\/em><\/span><br \/>\nSi en alg\u00fan momento necesitas vaciar tu dispensador, coloca un cubo debajo del tap\u00f3n trasero y desenr\u00f3scalo.<\/p>\n<p>[\/vc_column_text][\/vc_column_inner][\/vc_row_inner][\/vc_column][\/vc_row][vc_row unlock_row_content=\u00bbyes\u00bb row_height_percent=\u00bb0&#8243; override_padding=\u00bbyes\u00bb h_padding=\u00bb0&#8243; top_padding=\u00bb2&#8243; bottom_padding=\u00bb2&#8243; back_color=\u00bbcolor-488161&#8243; overlay_alpha=\u00bb90&#8243; equal_height=\u00bbyes\u00bb gutter_size=\u00bb3&#8243; column_width_percent=\u00bb100&#8243; shift_y=\u00bb0&#8243; z_index=\u00bb0&#8243; uncode_shortcode_id=\u00bb439560&#8243; back_color_type=\u00bbuncode-palette\u00bb][vc_column column_width_percent=\u00bb92&#8243; align_horizontal=\u00bbalign_center\u00bb gutter_size=\u00bb4&#8243; overlay_alpha=\u00bb50&#8243; shift_x=\u00bb0&#8243; shift_y=\u00bb0&#8243; shift_y_fixed=\u00bbyes\u00bb shift_y_down=\u00bb0&#8243; z_index=\u00bb0&#8243; medium_width=\u00bb0&#8243; mobile_width=\u00bb0&#8243; width=\u00bb1\/1&#8243; uncode_shortcode_id=\u00bb189792&#8243;][vc_row_inner][vc_column_inner column_width_percent=\u00bb100&#8243; position_vertical=\u00bbmiddle\u00bb gutter_size=\u00bb3&#8243; overlay_alpha=\u00bb50&#8243; shift_x=\u00bb0&#8243; shift_y=\u00bb0&#8243; shift_y_down=\u00bb0&#8243; z_index=\u00bb0&#8243; medium_width=\u00bb0&#8243; mobile_width=\u00bb0&#8243; width=\u00bb1\/2&#8243; uncode_shortcode_id=\u00bb200036&#8243;][vc_single_image media=\u00bb179&#8243; media_lightbox=\u00bbyes\u00bb media_width_use_pixel=\u00bbyes\u00bb alignment=\u00bbcenter\u00bb uncode_shortcode_id=\u00bb240266&#8243; media_width_pixel=\u00bb345&#8243;][\/vc_column_inner][vc_column_inner column_width_percent=\u00bb100&#8243; position_vertical=\u00bbmiddle\u00bb gutter_size=\u00bb3&#8243; style=\u00bbdark\u00bb overlay_alpha=\u00bb50&#8243; shift_x=\u00bb0&#8243; shift_y=\u00bb0&#8243; shift_y_down=\u00bb0&#8243; z_index=\u00bb0&#8243; medium_width=\u00bb0&#8243; mobile_width=\u00bb0&#8243; width=\u00bb1\/2&#8243; uncode_shortcode_id=\u00bb100036&#8243;][vc_column_text text_lead=\u00bbyes\u00bb uncode_shortcode_id=\u00bb171787&#8243;]<\/p>\n<p class=\"dispensador_front_texto_superior\">En Aguas do Para\u00f1o trabajamos con dispensadores de varios modelos de dispensador de agua fr\u00eda y caliente, pero todos coinciden en que su interior es de acero inoxidable y materiales alimentarios que te garantizan la \u00f3ptima calidad de nuestra agua. Los \u00faltimos modelos emplean un gas refrigerante con muy bajo impacto en el medio ambiente.<\/p>\n<p class=\"dispensador_front_texto_superior\">A continuaci\u00f3n, te explicamos las partes del Modelo SLIM para que puedas conocer las caracter\u00edsticas generales y opcionales disponibles en todos nuestros dispensadores.<\/p>\n<p>[\/vc_column_text][\/vc_column_inner][\/vc_row_inner][\/vc_column][\/vc_row][vc_row unlock_row_content=\u00bbyes\u00bb row_height_percent=\u00bb0&#8243; override_padding=\u00bbyes\u00bb h_padding=\u00bb0&#8243; top_padding=\u00bb2&#8243; bottom_padding=\u00bb2&#8243; back_color=\u00bbcolor-164799&#8243; overlay_alpha=\u00bb90&#8243; equal_height=\u00bbyes\u00bb gutter_size=\u00bb3&#8243; column_width_percent=\u00bb100&#8243; shift_y=\u00bb0&#8243; z_index=\u00bb0&#8243; uncode_shortcode_id=\u00bb122284&#8243; back_color_type=\u00bbuncode-palette\u00bb][vc_column column_width_percent=\u00bb92&#8243; align_horizontal=\u00bbalign_center\u00bb gutter_size=\u00bb4&#8243; overlay_alpha=\u00bb50&#8243; shift_x=\u00bb0&#8243; shift_y=\u00bb0&#8243; shift_y_fixed=\u00bbyes\u00bb shift_y_down=\u00bb0&#8243; z_index=\u00bb0&#8243; medium_width=\u00bb0&#8243; mobile_width=\u00bb0&#8243; width=\u00bb1\/1&#8243; uncode_shortcode_id=\u00bb189792&#8243;][vc_row_inner][vc_column_inner column_width_percent=\u00bb100&#8243; position_vertical=\u00bbmiddle\u00bb gutter_size=\u00bb3&#8243; style=\u00bbdark\u00bb overlay_alpha=\u00bb50&#8243; shift_x=\u00bb0&#8243; shift_y=\u00bb0&#8243; shift_y_down=\u00bb0&#8243; z_index=\u00bb0&#8243; medium_width=\u00bb0&#8243; mobile_width=\u00bb0&#8243; width=\u00bb1\/2&#8243; uncode_shortcode_id=\u00bb100036&#8243;][vc_column_text text_lead=\u00bbyes\u00bb uncode_shortcode_id=\u00bb149896&#8243;]Los dispensadores tienen disponibles 3 temperaturas, fr\u00eda, natural y caliente, que puedes activar de manera independiente en los interruptores que est\u00e1n en la parte trasera del dispensador, como se observa en la imagen.<\/p>\n<p>Tambi\u00e9n puedes observar, que tiene un tap\u00f3n de drenaje que sirve para vaciar el dispensador por completo cuando se realiza su limpieza.<br \/>\nEl grifo de agua caliente viene de serie con un sistema de seguridad para ni\u00f1os, pero puede solicitarnos cambiar el grifo por uno sin este sistema de seguridad. El agua caliente sale a 90\u00ba es perfecta para preparar tus infusiones calientes o el biber\u00f3n de tu bebe.[\/vc_column_text][\/vc_column_inner][vc_column_inner column_width_percent=\u00bb100&#8243; position_vertical=\u00bbmiddle\u00bb gutter_size=\u00bb3&#8243; overlay_alpha=\u00bb50&#8243; shift_x=\u00bb0&#8243; shift_y=\u00bb0&#8243; shift_y_down=\u00bb0&#8243; z_index=\u00bb0&#8243; medium_width=\u00bb0&#8243; mobile_width=\u00bb0&#8243; width=\u00bb1\/2&#8243; uncode_shortcode_id=\u00bb200036&#8243;][vc_single_image media=\u00bb180&#8243; media_lightbox=\u00bbyes\u00bb media_width_use_pixel=\u00bbyes\u00bb alignment=\u00bbcenter\u00bb uncode_shortcode_id=\u00bb156242&#8243; media_width_pixel=\u00bb720&#8243;][\/vc_column_inner][\/vc_row_inner][\/vc_column][\/vc_row][vc_row unlock_row_content=\u00bbyes\u00bb row_height_percent=\u00bb0&#8243; override_padding=\u00bbyes\u00bb h_padding=\u00bb0&#8243; top_padding=\u00bb2&#8243; bottom_padding=\u00bb2&#8243; back_color=\u00bbcolor-488161&#8243; overlay_alpha=\u00bb90&#8243; equal_height=\u00bbyes\u00bb gutter_size=\u00bb3&#8243; column_width_percent=\u00bb100&#8243; shift_y=\u00bb0&#8243; z_index=\u00bb0&#8243; uncode_shortcode_id=\u00bb439560&#8243; back_color_type=\u00bbuncode-palette\u00bb][vc_column column_width_percent=\u00bb92&#8243; align_horizontal=\u00bbalign_center\u00bb gutter_size=\u00bb4&#8243; overlay_alpha=\u00bb50&#8243; shift_x=\u00bb0&#8243; shift_y=\u00bb0&#8243; shift_y_fixed=\u00bbyes\u00bb shift_y_down=\u00bb0&#8243; z_index=\u00bb0&#8243; medium_width=\u00bb0&#8243; mobile_width=\u00bb0&#8243; width=\u00bb1\/1&#8243; uncode_shortcode_id=\u00bb189792&#8243;][vc_row_inner][vc_column_inner column_width_percent=\u00bb100&#8243; position_vertical=\u00bbmiddle\u00bb gutter_size=\u00bb3&#8243; overlay_alpha=\u00bb50&#8243; shift_x=\u00bb0&#8243; shift_y=\u00bb0&#8243; shift_y_down=\u00bb0&#8243; z_index=\u00bb0&#8243; medium_width=\u00bb0&#8243; mobile_width=\u00bb0&#8243; width=\u00bb1\/2&#8243; uncode_shortcode_id=\u00bb200036&#8243;][vc_single_image media=\u00bb181&#8243; media_lightbox=\u00bbyes\u00bb media_width_use_pixel=\u00bbyes\u00bb alignment=\u00bbcenter\u00bb uncode_shortcode_id=\u00bb210018&#8243; media_width_pixel=\u00bb297&#8243;][\/vc_column_inner][vc_column_inner column_width_percent=\u00bb100&#8243; position_vertical=\u00bbmiddle\u00bb gutter_size=\u00bb3&#8243; style=\u00bbdark\u00bb overlay_alpha=\u00bb50&#8243; shift_x=\u00bb0&#8243; shift_y=\u00bb0&#8243; shift_y_down=\u00bb0&#8243; z_index=\u00bb0&#8243; medium_width=\u00bb0&#8243; mobile_width=\u00bb0&#8243; width=\u00bb1\/2&#8243; uncode_shortcode_id=\u00bb100036&#8243;][vc_column_text text_lead=\u00bbyes\u00bb uncode_shortcode_id=\u00bb166718&#8243;]<\/p>\n<p class=\"dispensador_front_texto_superior\">Como accesorio opcional puede adquirir para su dispensador de su empresa u oficina un portavasos en blanco o negro.<\/p>\n<p>[\/vc_column_text][\/vc_column_inner][\/vc_row_inner][\/vc_column][\/vc_row]<\/p>\n","protected":false},"excerpt":{"rendered":"<p>[vc_row row_height_percent=\u00bb0&#8243; override_padding=\u00bbyes\u00bb h_padding=\u00bb2&#8243; top_padding=\u00bb3&#8243; bottom_padding=\u00bb3&#8243; back_color=\u00bbcolor-lxmt\u00bb overlay_alpha=\u00bb50&#8243; gutter_size=\u00bb3&#8243; column_width_percent=\u00bb100&#8243; shift_y=\u00bb0&#8243; z_index=\u00bb0&#8243;][vc_column column_width_use_pixel=\u00bbyes\u00bb align_horizontal=\u00bbalign_center\u00bb gutter_size=\u00bb1&#8243; font_family=\u00bbfont-202503&#8243; overlay_alpha=\u00bb50&#8243; shift_x=\u00bb0&#8243; shift_y=\u00bb0&#8243; shift_y_down=\u00bb0&#8243; [&hellip;]<\/p>\n","protected":false},"author":1,"featured_media":0,"parent":0,"menu_order":0,"comment_status":"closed","ping_status":"closed","template":"","meta":{"footnotes":""},"class_list":["post-96","page","type-page","status-publish","hentry"],"_links":{"self":[{"href":"https:\/\/aguasdoparano.com\/dispensadorapunto\/wp-json\/wp\/v2\/pages\/96"}],"collection":[{"href":"https:\/\/aguasdoparano.com\/dispensadorapunto\/wp-json\/wp\/v2\/pages"}],"about":[{"href":"https:\/\/aguasdoparano.com\/dispensadorapunto\/wp-json\/wp\/v2\/types\/page"}],"author":[{"embeddable":true,"href":"https:\/\/aguasdoparano.com\/dispensadorapunto\/wp-json\/wp\/v2\/users\/1"}],"replies":[{"embeddable":true,"href":"https:\/\/aguasdoparano.com\/dispensadorapunto\/wp-json\/wp\/v2\/comments?post=96"}],"version-history":[{"count":17,"href":"https:\/\/aguasdoparano.com\/dispensadorapunto\/wp-json\/wp\/v2\/pages\/96\/revisions"}],"predecessor-version":[{"id":221,"href":"https:\/\/aguasdoparano.com\/dispensadorapunto\/wp-json\/wp\/v2\/pages\/96\/revisions\/221"}],"wp:attachment":[{"href":"https:\/\/aguasdoparano.com\/dispensadorapunto\/wp-json\/wp\/v2\/media?parent=96"}],"curies":[{"name":"wp","href":"https:\/\/api.w.org\/{rel}","templated":true}]}}