{"id":123,"date":"2024-01-09T02:48:20","date_gmt":"2024-01-09T02:48:20","guid":{"rendered":"https:\/\/aguasdoparano.com\/dispensadorapunto\/?page_id=123"},"modified":"2024-04-05T03:38:18","modified_gmt":"2024-04-05T03:38:18","slug":"limpieza-del-dispensador-paso-a-paso","status":"publish","type":"page","link":"https:\/\/aguasdoparano.com\/dispensadorapunto\/limpieza-del-dispensador-paso-a-paso\/","title":{"rendered":"Limpieza del dispensador: paso a paso"},"content":{"rendered":"<p>[vc_row][vc_column column_width_use_pixel=\u00bbyes\u00bb position_vertical=\u00bbmiddle\u00bb gutter_size=\u00bb3&#8243; overlay_alpha=\u00bb50&#8243; shift_x=\u00bb0&#8243; shift_y=\u00bb0&#8243; shift_y_down=\u00bb0&#8243; z_index=\u00bb0&#8243; medium_width=\u00bb0&#8243; mobile_width=\u00bb0&#8243; width=\u00bb1\/1&#8243; uncode_shortcode_id=\u00bb163859&#8243; column_width_pixel=\u00bb1000&#8243;][vc_custom_heading auto_text=\u00bbyes\u00bb heading_semantic=\u00bbp\u00bb text_size=\u00bbh1&#8243; text_weight=\u00bb700&#8243; sub_lead=\u00bbyes\u00bb uncode_shortcode_id=\u00bb148001&#8243; subheading=\u00bb*Pr\u00f3ximamente video de la limpieza\u00bb]This is a custom heading element.[\/vc_custom_heading][\/vc_column][\/vc_row][vc_row][vc_column column_width_use_pixel=\u00bbyes\u00bb position_vertical=\u00bbmiddle\u00bb gutter_size=\u00bb3&#8243; overlay_alpha=\u00bb50&#8243; shift_x=\u00bb0&#8243; shift_y=\u00bb0&#8243; shift_y_down=\u00bb0&#8243; z_index=\u00bb0&#8243; medium_width=\u00bb0&#8243; mobile_width=\u00bb0&#8243; width=\u00bb1\/1&#8243; uncode_shortcode_id=\u00bb584192&#8243; column_width_pixel=\u00bb1000&#8243;][vc_accordion typography=\u00bbyes\u00bb sign=\u00bbplus\u00bb][vc_accordion_tab icon=\u00bbfa fa-star-o\u00bb gutter_size=\u00bb2&#8243; column_padding=\u00bb2&#8243; title=\u00bb1&#8243; tab_id=\u00bb1704772075-1-92&#8243;][vc_column_text text_lead=\u00bbyes\u00bb uncode_shortcode_id=\u00bb182294&#8243;]Desenchufe la m\u00e1quina de la corriente y quite la botella.[\/vc_column_text][\/vc_accordion_tab][vc_accordion_tab icon=\u00bbfa fa-star-o\u00bb gutter_size=\u00bb2&#8243; column_padding=\u00bb2&#8243; title=\u00bb2&#8243; tab_id=\u00bb1704772075-2-43&#8243;][vc_column_text text_lead=\u00bbyes\u00bb uncode_shortcode_id=\u00bb206130&#8243;]Retire la parte superior de la m\u00e1quina, gir\u00e1ndola en sentido contrario a las agujas del reloj hasta que haga tope y tirando hac\u00eda arriba. Lavarla a mano o en lavavajillas y secarla.[\/vc_column_text][\/vc_accordion_tab][vc_accordion_tab icon=\u00bbfa fa-star-o\u00bb gutter_size=\u00bb2&#8243; column_padding=\u00bb2&#8243; title=\u00bb3&#8243; tab_id=\u00bb1704772747727-2-5&#8243;][vc_column_text text_lead=\u00bbyes\u00bb uncode_shortcode_id=\u00bb110917&#8243;]Retire el separador, gir\u00e1ndolo hacia la izquierda y tirando hacia arriba. Lavarlo a mano o en el lavavajillas.[\/vc_column_text][\/vc_accordion_tab][vc_accordion_tab icon=\u00bbfa fa-star-o\u00bb gutter_size=\u00bb2&#8243; column_padding=\u00bb2&#8243; title=\u00bb4&#8243; tab_id=\u00bb1704772777415-3-6&#8243;][vc_column_text text_lead=\u00bbyes\u00bb uncode_shortcode_id=\u00bb205822&#8243;]Vierta el contenido del sobre en el agua que queda en el dep\u00f3sito.[\/vc_column_text][\/vc_accordion_tab][vc_accordion_tab icon=\u00bbfa fa-star-o\u00bb gutter_size=\u00bb2&#8243; column_padding=\u00bb2&#8243; title=\u00bb5&#8243; tab_id=\u00bb1704772805887-4-5&#8243;][vc_column_text text_lead=\u00bbyes\u00bb uncode_shortcode_id=\u00bb199978&#8243;]Deje actuar 5 minutos.[\/vc_column_text][\/vc_accordion_tab][vc_accordion_tab icon=\u00bbfa fa-star-o\u00bb gutter_size=\u00bb2&#8243; column_padding=\u00bb2&#8243; title=\u00bb6&#8243; tab_id=\u00bb1704772831293-5-5&#8243;][vc_column_text text_lead=\u00bbyes\u00bb uncode_shortcode_id=\u00bb133153&#8243;]Extraiga agua por los grifos de agua caliente y fr\u00eda hasta que salga con color y vi\u00e9rtela de nuevo en el dep\u00f3sito.[\/vc_column_text][\/vc_accordion_tab][vc_accordion_tab icon=\u00bbfa fa-star-o\u00bb gutter_size=\u00bb2&#8243; column_padding=\u00bb2&#8243; title=\u00bb7&#8243; tab_id=\u00bb1704772868942-6-10&#8243;][vc_column_text text_lead=\u00bbyes\u00bb uncode_shortcode_id=\u00bb150192&#8243;]Coloque un cubo en la parte trasera de la m\u00e1quina, desenrosque el tap\u00f3n del desag\u00fce y quite el tap\u00f3n de drenaje y deje que salga agua hasta que salga con color. Coloque el tap\u00f3n y deje actuar 5 minutos.[\/vc_column_text][\/vc_accordion_tab][vc_accordion_tab icon=\u00bbfa fa-star-o\u00bb gutter_size=\u00bb2&#8243; column_padding=\u00bb2&#8243; title=\u00bb8&#8243; tab_id=\u00bb1704772888630-7-9&#8243;][vc_column_text text_lead=\u00bbyes\u00bb uncode_shortcode_id=\u00bb171176&#8243;]Vac\u00ede por el grifo rojo hasta que deje de salir agua. Luego vac\u00ede por el grifo azul y quite el tap\u00f3n de drenaje hasta que se vac\u00ede por completo la m\u00e1quina y vuelva a colocar el tap\u00f3n.[\/vc_column_text][\/vc_accordion_tab][vc_accordion_tab icon=\u00bbfa fa-star-o\u00bb gutter_size=\u00bb2&#8243; column_padding=\u00bb2&#8243; title=\u00bb9&#8243; tab_id=\u00bb1704772915022-8-8&#8243;][vc_column_text text_lead=\u00bbyes\u00bb uncode_shortcode_id=\u00bb411910&#8243;]Seque el dep\u00f3sito con papel de cocina.[\/vc_column_text][\/vc_accordion_tab][vc_accordion_tab icon=\u00bbfa fa-star-o\u00bb gutter_size=\u00bb2&#8243; column_padding=\u00bb2&#8243; title=\u00bb10&#8243; tab_id=\u00bb1704772941084-9-8&#8243;][vc_column_text text_lead=\u00bbyes\u00bb uncode_shortcode_id=\u00bb753405&#8243;]Coloque el separador en el dep\u00f3sito, gir\u00e1ndolo en sentido de las agujas del reloj, hasta que haga tope.[\/vc_column_text][\/vc_accordion_tab][vc_accordion_tab icon=\u00bbfa fa-star-o\u00bb gutter_size=\u00bb2&#8243; column_padding=\u00bb2&#8243; title=\u00bb11&#8243; tab_id=\u00bb1704772982817-10-2&#8243;][vc_column_text text_lead=\u00bbyes\u00bb uncode_shortcode_id=\u00bb817945&#8243;]Coloque la parte superior de la m\u00e1quina, gir\u00e1ndola en sentido de las agujas del reloj hasta que encaje perfectamente y haga tope.[\/vc_column_text][\/vc_accordion_tab][vc_accordion_tab icon=\u00bbfa fa-star-o\u00bb gutter_size=\u00bb2&#8243; column_padding=\u00bb2&#8243; title=\u00bb12&#8243; tab_id=\u00bb1704773010549-11-0&#8243;][vc_column_text text_lead=\u00bbyes\u00bb uncode_shortcode_id=\u00bb960680&#8243;]Coloqu\u00e9 la botella en la m\u00e1quina y esper\u00e9 unos minutos. Abra el grifo azul y extraiga medio litro de agua. Luego abra el grifo rojo hasta que el agua salga sin ning\u00fan tono, m\u00e1s o menos un litro. Y, por \u00faltimo, quite el tap\u00f3n de drenaje, saque un litro de agua y vuelva a colocar el tap\u00f3n. IMPORTANTE, en cualquiera de los tres procesos, observe que el agua salga completamente transparente.[\/vc_column_text][\/vc_accordion_tab][vc_accordion_tab icon=\u00bbfa fa-star-o\u00bb gutter_size=\u00bb2&#8243; column_padding=\u00bb2&#8243; title=\u00bb13&#8243; tab_id=\u00bb1704773033868-12-4&#8243;][vc_column_text text_lead=\u00bbyes\u00bb uncode_shortcode_id=\u00bb562833&#8243;]Coloque el tap\u00f3n junta drenaje y a continuaci\u00f3n la rosca. Quedando la m\u00e1quina cargada de agua y lista para el consumo.[\/vc_column_text][\/vc_accordion_tab][vc_accordion_tab icon=\u00bbfa fa-star-o\u00bb gutter_size=\u00bb2&#8243; column_padding=\u00bb2&#8243; title=\u00bb14&#8243; tab_id=\u00bb1704773060245-13-6&#8243;][vc_column_text text_lead=\u00bbyes\u00bb uncode_shortcode_id=\u00bb171966&#8243;]<strong>RECOMENDACI\u00d3N:<\/strong> En cada cambio de botella, seque la parte superior de la m\u00e1quina.[\/vc_column_text][\/vc_accordion_tab][\/vc_accordion][\/vc_column][\/vc_row]<\/p>\n","protected":false},"excerpt":{"rendered":"<p>[vc_row][vc_column column_width_use_pixel=\u00bbyes\u00bb position_vertical=\u00bbmiddle\u00bb gutter_size=\u00bb3&#8243; overlay_alpha=\u00bb50&#8243; shift_x=\u00bb0&#8243; shift_y=\u00bb0&#8243; shift_y_down=\u00bb0&#8243; z_index=\u00bb0&#8243; medium_width=\u00bb0&#8243; mobile_width=\u00bb0&#8243; width=\u00bb1\/1&#8243; uncode_shortcode_id=\u00bb163859&#8243; column_width_pixel=\u00bb1000&#8243;][vc_custom_heading auto_text=\u00bbyes\u00bb heading_semantic=\u00bbp\u00bb text_size=\u00bbh1&#8243; text_weight=\u00bb700&#8243; sub_lead=\u00bbyes\u00bb uncode_shortcode_id=\u00bb148001&#8243; [&hellip;]<\/p>\n","protected":false},"author":1,"featured_media":0,"parent":0,"menu_order":0,"comment_status":"closed","ping_status":"closed","template":"","meta":{"footnotes":""},"class_list":["post-123","page","type-page","status-publish","hentry"],"_links":{"self":[{"href":"https:\/\/aguasdoparano.com\/dispensadorapunto\/wp-json\/wp\/v2\/pages\/123"}],"collection":[{"href":"https:\/\/aguasdoparano.com\/dispensadorapunto\/wp-json\/wp\/v2\/pages"}],"about":[{"href":"https:\/\/aguasdoparano.com\/dispensadorapunto\/wp-json\/wp\/v2\/types\/page"}],"author":[{"embeddable":true,"href":"https:\/\/aguasdoparano.com\/dispensadorapunto\/wp-json\/wp\/v2\/users\/1"}],"replies":[{"embeddable":true,"href":"https:\/\/aguasdoparano.com\/dispensadorapunto\/wp-json\/wp\/v2\/comments?post=123"}],"version-history":[{"count":16,"href":"https:\/\/aguasdoparano.com\/dispensadorapunto\/wp-json\/wp\/v2\/pages\/123\/revisions"}],"predecessor-version":[{"id":193,"href":"https:\/\/aguasdoparano.com\/dispensadorapunto\/wp-json\/wp\/v2\/pages\/123\/revisions\/193"}],"wp:attachment":[{"href":"https:\/\/aguasdoparano.com\/dispensadorapunto\/wp-json\/wp\/v2\/media?parent=123"}],"curies":[{"name":"wp","href":"https:\/\/api.w.org\/{rel}","templated":true}]}}